{"id":292,"date":"2018-06-22T20:57:00","date_gmt":"2018-06-22T20:57:00","guid":{"rendered":"https:\/\/www.foneps.com.co\/home\/?page_id=292"},"modified":"2025-08-08T13:11:57","modified_gmt":"2025-08-08T13:11:57","slug":"about-us","status":"publish","type":"page","link":"https:\/\/www.foneps.com.co\/home\/about-us\/","title":{"rendered":"Acerca de Nosotros"},"content":{"rendered":"<p>[vc_row full_width=&#8221;stretch_row&#8221; bg_type=&#8221;bg_color&#8221; seperator_enable=&#8221;seperator_enable_value&#8221; seperator_type=&#8221;tilt_right_seperator&#8221; seperator_position=&#8221;bottom_seperator&#8221; seperator_svg_height=&#8221;100&#8243; bg_color_value=&#8221;#dbb17a&#8221; css=&#8221;.vc_custom_1529704626139{margin-top: -100px !important;padding-top: 100px !important;padding-bottom: 100px !important;}&#8221;][vc_column width=&#8221;1\/2&#8243;][vc_single_image image=&#8221;308&#8243; img_size=&#8221;full&#8221; alignment=&#8221;center&#8221;][\/vc_column][vc_column width=&#8221;1\/2&#8243;]<div id=\"ultimate-heading-953569f0f9ac4878e\" class=\"uvc-heading ult-adjust-bottom-margin ultimate-heading-953569f0f9ac4878e uvc-2237 \" data-hspacer=\"no_spacer\"  data-halign=\"center\" style=\"text-align:center\"><div class=\"uvc-heading-spacer no_spacer\" style=\"top\"><\/div><div class=\"uvc-main-heading ult-responsive\"  data-ultimate-target='.uvc-heading.ultimate-heading-953569f0f9ac4878e h2'  data-responsive-json-new='{\"font-size\":\"desktop:38px;\",\"line-height\":\"\"}' ><h2 style=\"font-weight:normal;color:#1e73be;\">QUI\u00c9NES SOMOS<\/h2><\/div><div class=\"uvc-sub-heading ult-responsive\"  data-ultimate-target='.uvc-heading.ultimate-heading-953569f0f9ac4878e .uvc-sub-heading '  data-responsive-json-new='{\"font-size\":\"\",\"line-height\":\"\"}'  style=\"font-weight:normal;margin-top:100px;\"><\/p>\n<h3 style=\"text-align: center;\">Foneps es una entidad asociativa vigilada y supervisada por la Superintendencia de la Econom\u00eda Solidaria, que vincula trabajadores de empresas de comunicaci\u00f3n y servicios.<\/h3>\n<p><\/div><\/div><div class=\"stats-block stats-top  \"><div class=\"aio-icon-top\"><div class=\"ult-just-icon-wrapper  \"><div class=\"align-icon\" style=\"text-align:center;\">\n<div class=\"aio-icon none \" data-animation=\"fadeIn\" data-animation-delay=\"03\" style=\"color:#333333;font-size:40px;display:inline-block;\">\n\t<i class=\"Defaults-user\"><\/i>\n<\/div><\/div><\/div><\/div><div class=\"stats-desc\" id=\"counter-responsv-wrap-8232\"><div id=\"counter_150263100869f0f9ac489c1\" data-id=\"counter_150263100869f0f9ac489c1\"  data-ultimate-target='#counter-responsv-wrap-8232 .stats-number'  data-responsive-json-new='{\"font-size\":\"\",\"line-height\":\"\"}'  class=\"stats-number ult-responsive\" style=\"font-size:28px; color:#ffffff; \" data-speed=\"5\" data-counter-value=\"900\" data-separator=\".\" data-decimal=\".\">0<\/div><div id=\"counter-responsv-wrap-8232\"  data-ultimate-target='#counter-responsv-wrap-8232 .stats-text'  data-responsive-json-new='{\"font-size\":\"\",\"line-height\":\"\"}'  class=\"stats-text ult-responsive\" style=\"font-size:18px; color:#ffffff; \">Mas de 900 asociados<\/div><\/div><\/div>[\/vc_column][\/vc_row][vc_row full_width=&#8221;stretch_row&#8221; bg_type=&#8221;bg_color&#8221; seperator_enable=&#8221;seperator_enable_value&#8221; seperator_type=&#8221;tilt_right_seperator&#8221; seperator_position=&#8221;bottom_seperator&#8221; seperator_svg_height=&#8221;100&#8243; bg_color_value=&#8221;#dbb17a&#8221; css=&#8221;.vc_custom_1529704626139{margin-top: -100px !important;padding-top: 100px !important;padding-bottom: 100px !important;}&#8221;][vc_column width=&#8221;1\/2&#8243;][vc_single_image image=&#8221;2735&#8243; img_size=&#8221;full&#8221; alignment=&#8221;center&#8221;][\/vc_column][vc_column width=&#8221;1\/2&#8243;]<div id=\"ultimate-heading-989869f0f9ac489e6\" class=\"uvc-heading ult-adjust-bottom-margin ultimate-heading-989869f0f9ac489e6 uvc-6934 \" data-hspacer=\"no_spacer\"  data-halign=\"center\" style=\"text-align:center\"><div class=\"uvc-heading-spacer no_spacer\" style=\"top\"><\/div><div class=\"uvc-main-heading ult-responsive\"  data-ultimate-target='.uvc-heading.ultimate-heading-989869f0f9ac489e6 h2'  data-responsive-json-new='{\"font-size\":\"desktop:38px;\",\"line-height\":\"\"}' ><h2 style=\"font-weight:normal;color:#1e73be;\">COMUNICADO SARLAFT<\/h2><\/div><div class=\"uvc-sub-heading ult-responsive\"  data-ultimate-target='.uvc-heading.ultimate-heading-989869f0f9ac489e6 .uvc-sub-heading '  data-responsive-json-new='{\"font-size\":\"\",\"line-height\":\"\"}'  style=\"font-weight:normal;margin-top:100px;\"><\/p>\n<h3><\/h3>\n<h3><\/h3>\n<h3><\/h3>\n<h3><\/h3>\n<h3><\/h3>\n<h3 style=\"text-align: center;\"><\/h3>\n<p><\/div><\/div><div id=\"ultimate-heading-623969f0f9ac48a07\" class=\"uvc-heading ult-adjust-bottom-margin ultimate-heading-623969f0f9ac48a07 uvc-6468 \" data-hspacer=\"no_spacer\"  data-halign=\"center\" style=\"text-align:center\"><div class=\"uvc-heading-spacer no_spacer\" style=\"top\"><\/div><div class=\"uvc-sub-heading ult-responsive\"  data-ultimate-target='.uvc-heading.ultimate-heading-623969f0f9ac48a07 .uvc-sub-heading '  data-responsive-json-new='{\"font-size\":\"\",\"line-height\":\"\"}'  style=\"font-weight:normal;margin-top:100px;\"><\/p>\n<h3><\/h3>\n<h3><\/h3>\n<h3><\/h3>\n<h3><\/h3>\n<h3><\/h3>\n<h3><\/h3>\n<h3 style=\"text-align: center;\">El Fondo de Empleados para Empresas de Comunicaci\u00f3n y de Servicios &#8211; FONEPS, posee el Sistema de Administracion del Riesgo de Lavado de Activos y de la Financiaci\u00f3n del Terrorismo SARLAFT el cual nos permite protegernos de amenazas y organizaciones delictivas existentes a nivel local, nacional e internacional.<\/h3>\n<p><\/div><\/div>[\/vc_column][\/vc_row][vc_row full_width=&#8221;stretch_row&#8221; seperator_enable=&#8221;seperator_enable_value&#8221; seperator_type=&#8221;tilt_right_seperator&#8221; seperator_position=&#8221;top_bottom_seperator&#8221; seperator_svg_height=&#8221;100&#8243; css=&#8221;.vc_custom_1529704603902{padding-top: 100px !important;padding-bottom: 100px !important;}&#8221;][vc_column width=&#8221;2\/3&#8243; css=&#8221;.vc_custom_1529705169251{padding-right: 50px !important;padding-left: 50px !important;}&#8221;]<div id=\"ultimate-heading-541869f0f9ac48a2a\" class=\"uvc-heading ult-adjust-bottom-margin ultimate-heading-541869f0f9ac48a2a uvc-1251 \" data-hspacer=\"no_spacer\"  data-halign=\"center\" style=\"text-align:center\"><div class=\"uvc-heading-spacer no_spacer\" style=\"top\"><\/div><div class=\"uvc-main-heading ult-responsive\"  data-ultimate-target='.uvc-heading.ultimate-heading-541869f0f9ac48a2a h2'  data-responsive-json-new='{\"font-size\":\"desktop:42px;\",\"line-height\":\"\"}' ><h2 style=\"font-weight:bold;color:#1e73be;\">QUI\u00c9NES SON LOS DUE\u00d1OS DE FONEPS<\/h2><\/div><div class=\"uvc-sub-heading ult-responsive\"  data-ultimate-target='.uvc-heading.ultimate-heading-541869f0f9ac48a2a .uvc-sub-heading '  data-responsive-json-new='{\"font-size\":\"\",\"line-height\":\"\"}'  style=\"font-weight:normal;margin-top:60px;\"><\/p>\n<h3 style=\"text-align: center;\">Todas las personas asociadas al Fondo.<\/h3>\n<h3 style=\"text-align: center;\">Su principal motivaci\u00f3n es la solidaridad y el bienestar com\u00fan.<\/h3>\n<p><\/div><\/div>[\/vc_column][vc_column width=&#8221;1\/3&#8243;][vc_single_image image=&#8221;319&#8243; img_size=&#8221;full&#8221; alignment=&#8221;center&#8221;][\/vc_column][\/vc_row][vc_row full_width=&#8221;stretch_row&#8221; bg_type=&#8221;image&#8221; parallax_style=&#8221;vcpb-default&#8221; bg_image_new=&#8221;id^304|url^https:\/\/www.foneps.com.co\/home\/wp-content\/uploads\/2018\/06\/page-title-background.jpg|caption^null|alt^null|title^page-title-background|description^null&#8221; bg_image_repeat=&#8221;no-repeat&#8221; seperator_enable=&#8221;seperator_enable_value&#8221; seperator_type=&#8221;tilt_left_seperator&#8221; seperator_svg_height=&#8221;100&#8243; css=&#8221;.vc_custom_1529945347984{padding-top: 150px !important;padding-right: 50px !important;padding-bottom: 100px !important;padding-left: 150px !important;}&#8221;][vc_column]<div id=\"ultimate-heading-817769f0f9ac48a42\" class=\"uvc-heading ult-adjust-bottom-margin ultimate-heading-817769f0f9ac48a42 uvc-6884 \" data-hspacer=\"no_spacer\"  data-halign=\"center\" style=\"text-align:center\"><div class=\"uvc-heading-spacer no_spacer\" style=\"top\"><\/div><div class=\"uvc-main-heading ult-responsive\"  data-ultimate-target='.uvc-heading.ultimate-heading-817769f0f9ac48a42 h2'  data-responsive-json-new='{\"font-size\":\"desktop:42px;\",\"line-height\":\"\"}' ><h2 style=\"font-weight:bold;color:#dd9933;margin-bottom:20px;\">OBJETIVOS<\/h2><\/div><\/div><div class=\"smile_icon_list_wrap ult_info_list_container ult-adjust-bottom-margin  \"><ul class=\"smile_icon_list left circle with_bg\"><li class=\"icon_list_item\" style=\" font-size:75px;\"><div class=\"icon_list_icon\" data-animation=\"\" data-animation-delay=\"03\" style=\"font-size:25px;border-width:3px;border-style:solid;background:#ffffff;color:#1e73be;border-color:#65bf3b;\"><i class=\"Defaults-check\" ><\/i><\/div><div class=\"icon_description\" id=\"Info-list-wrap-4124\" style=\"font-size:25px;\"><div class=\"icon_description_text ult-responsive\"  data-ultimate-target='#Info-list-wrap-4124 .icon_description_text'  data-responsive-json-new='{\"font-size\":\"desktop:24px;\",\"line-height\":\"desktop:23px;\"}'  style=\"color:#ffffff;\"><div class=\"wpb_column vc_column_container vc_col-sm-6\">\n<div class=\"vc_column-inner \">\n<div class=\"wpb_wrapper\">\n<div class=\"wpb_text_column wpb_content_element \">\n<div class=\"wpb_wrapper\">\n<p>Regular sus actividades sociales, econ\u00f3micas y los actos que realice, acogiendo los principios y fines de la econom\u00eda solidaria.<\/p>\n<\/div>\n<\/div>\n<\/div>\n<\/div>\n<\/div>\n<\/div><\/div><div class=\"icon_list_connector\"  style=\"border-right-width: 3px;border-right-style: solid;border-color: #dd9933;left: 39px;\"><\/div><\/li><li class=\"icon_list_item\" style=\" font-size:75px;\"><div class=\"icon_list_icon\" data-animation=\"\" data-animation-delay=\"03\" style=\"font-size:25px;border-width:3px;border-style:solid;background:#ffffff;color:#1e73be;border-color:#65bf3b;\"><i class=\"Defaults-check\" ><\/i><\/div><div class=\"icon_description\" id=\"Info-list-wrap-8406\" style=\"font-size:25px;\"><div class=\"icon_description_text ult-responsive\"  data-ultimate-target='#Info-list-wrap-8406 .icon_description_text'  data-responsive-json-new='{\"font-size\":\"desktop:24px;\",\"line-height\":\"desktop:23px;\"}'  style=\"color:#ffffff;\"><div class=\"wpb_column vc_column_container vc_col-sm-6\">\n<div class=\"vc_column-inner \">\n<div class=\"wpb_wrapper\">\n<div class=\"wpb_text_column wpb_content_element \">\n<div class=\"wpb_wrapper\">\n<p>Ser instrumento eficaz para el desarrollo integral del hombre en el campo econ\u00f3mico, social y cultural.<\/p>\n<\/div>\n<\/div>\n<\/div>\n<\/div>\n<\/div>\n<\/div><\/div><div class=\"icon_list_connector\"  style=\"border-right-width: 3px;border-right-style: solid;border-color: #dd9933;left: 39px;\"><\/div><\/li><li class=\"icon_list_item\" style=\" font-size:75px;\"><div class=\"icon_list_icon\" data-animation=\"\" data-animation-delay=\"03\" style=\"font-size:25px;border-width:3px;border-style:solid;background:#ffffff;color:#1e73be;border-color:#65bf3b;\"><i class=\"Defaults-check\" ><\/i><\/div><div class=\"icon_description\" id=\"Info-list-wrap-6861\" style=\"font-size:25px;\"><div class=\"icon_description_text ult-responsive\"  data-ultimate-target='#Info-list-wrap-6861 .icon_description_text'  data-responsive-json-new='{\"font-size\":\"desktop:24px;\",\"line-height\":\"desktop:23px;\"}'  style=\"color:#ffffff;\"><div class=\"wpb_column vc_column_container vc_col-sm-6\">\n<div class=\"vc_column-inner \">\n<div class=\"wpb_wrapper\">\n<div class=\"wpb_text_column wpb_content_element \">\n<div class=\"wpb_wrapper\">\n<p>Contribuir al fortalecimiento de la econom\u00eda solidaria nacional mediante la integraci\u00f3n de las instituciones del sector, para adelantar proyectos de desarrollo econ\u00f3mico y social que permitan alcanzar un mejor nivel de vida para los asociados y su n\u00facleo familiar.<\/p>\n<\/div>\n<\/div>\n<\/div>\n<\/div>\n<\/div>\n<\/div><\/div><div class=\"icon_list_connector\"  style=\"border-right-width: 3px;border-right-style: solid;border-color: #dd9933;left: 39px;\"><\/div><\/li><li class=\"icon_list_item\" style=\" font-size:75px;\"><div class=\"icon_list_icon\" data-animation=\"\" data-animation-delay=\"03\" style=\"font-size:25px;border-width:3px;border-style:solid;background:#ffffff;color:#1e73be;border-color:#65bf3b;\"><i class=\"Defaults-check\" ><\/i><\/div><div class=\"icon_description\" id=\"Info-list-wrap-3744\" style=\"font-size:25px;\"><div class=\"icon_description_text ult-responsive\"  data-ultimate-target='#Info-list-wrap-3744 .icon_description_text'  data-responsive-json-new='{\"font-size\":\"desktop:24px;\",\"line-height\":\"desktop:23px;\"}'  style=\"color:#ffffff;\"><div class=\"wpb_column vc_column_container vc_col-sm-6\">\n<div class=\"vc_column-inner \">\n<div class=\"wpb_wrapper\">\n<div class=\"wpb_text_column wpb_content_element \">\n<div class=\"wpb_wrapper\">\n<p>Ejercer un liderazgo social, mediante el cual se desarrollen acciones que contribuyan al mejoramiento de la calidad de vida de los asociados al fondo, de sus familias y de la comunidad en general.<\/p>\n<\/div>\n<\/div>\n<\/div>\n<\/div>\n<\/div>\n<\/div><\/div><div class=\"icon_list_connector\"  style=\"border-right-width: 3px;border-right-style: solid;border-color: #dd9933;left: 39px;\"><\/div><\/li><\/ul><\/div>[\/vc_column][\/vc_row][vc_row full_width=&#8221;stretch_row&#8221; bg_type=&#8221;image&#8221; parallax_style=&#8221;vcpb-default&#8221; bg_image_new=&#8221;id^473|url^https:\/\/www.foneps.com.co\/home\/wp-content\/uploads\/2018\/06\/326781-P9JGF9-692.png|caption^null|alt^null|title^326781-P9JGF9-692|description^null&#8221; bg_image_repeat=&#8221;no-repeat&#8221; css=&#8221;.vc_custom_1529956431352{border-bottom-width: 100px !important;padding-top: 30px !important;}&#8221;][vc_column]<div id=\"ultimate-heading-558869f0f9ac48cca\" class=\"uvc-heading ult-adjust-bottom-margin ultimate-heading-558869f0f9ac48cca uvc-2180 \" data-hspacer=\"no_spacer\"  data-halign=\"center\" style=\"text-align:center\"><div class=\"uvc-heading-spacer no_spacer\" style=\"top\"><\/div><div class=\"uvc-main-heading ult-responsive\"  data-ultimate-target='.uvc-heading.ultimate-heading-558869f0f9ac48cca h2'  data-responsive-json-new='{\"font-size\":\"desktop:42px;\",\"line-height\":\"\"}' ><h2 style=\"font-weight:bold;color:#000000;margin-bottom:50px;\">NUESTRA MISI\u00d3N Y VISI\u00d3N<\/h2><\/div><\/div>[vc_row_inner][vc_column_inner width=&#8221;1\/2&#8243;][vc_single_image image=&#8221;494&#8243; img_size=&#8221;full&#8221; alignment=&#8221;center&#8221;][\/vc_column_inner][vc_column_inner width=&#8221;1\/2&#8243;][\/vc_column_inner][\/vc_row_inner][vc_row_inner][vc_column_inner width=&#8221;1\/2&#8243;][\/vc_column_inner][vc_column_inner width=&#8221;1\/2&#8243;][vc_single_image image=&#8221;454&#8243; img_size=&#8221;full&#8221; alignment=&#8221;center&#8221;][\/vc_column_inner][\/vc_row_inner][\/vc_column][\/vc_row]<\/p>\n","protected":false},"excerpt":{"rendered":"<p>[vc_row full_width=&#8221;stretch_row&#8221; bg_type=&#8221;bg_color&#8221; seperator_enable=&#8221;seperator_enable_value&#8221; seperator_type=&#8221;tilt_right_seperator&#8221; seperator_position=&#8221;bottom_seperator&#8221; seperator_svg_height=&#8221;100&#8243; bg_color_value=&#8221;#dbb17a&#8221; css=&#8221;.vc_custom_1529704626139{margin-top: -100px !important;padding-top: 100px !important;padding-bottom: 100px !important;}&#8221;][vc_column width=&#8221;1\/2&#8243;][vc_single_image image=&#8221;308&#8243; img_size=&#8221;full&#8221; alignment=&#8221;center&#8221;][\/vc_column][vc_column width=&#8221;1\/2&#8243;][\/vc_column][\/vc_row][vc_row full_width=&#8221;stretch_row&#8221; bg_type=&#8221;bg_color&#8221; seperator_enable=&#8221;seperator_enable_value&#8221; seperator_type=&#8221;tilt_right_seperator&#8221; seperator_position=&#8221;bottom_seperator&#8221; seperator_svg_height=&#8221;100&#8243; bg_color_value=&#8221;#dbb17a&#8221; css=&#8221;.vc_custom_1529704626139{margin-top: -100px !important;padding-top: 100px !important;padding-bottom: 100px !important;}&#8221;][vc_column width=&#8221;1\/2&#8243;][vc_single_image image=&#8221;2735&#8243; img_size=&#8221;full&#8221; alignment=&#8221;center&#8221;][\/vc_column][vc_column width=&#8221;1\/2&#8243;][\/vc_column][\/vc_row][vc_row full_width=&#8221;stretch_row&#8221; seperator_enable=&#8221;seperator_enable_value&#8221; seperator_type=&#8221;tilt_right_seperator&#8221; seperator_position=&#8221;top_bottom_seperator&#8221; seperator_svg_height=&#8221;100&#8243; css=&#8221;.vc_custom_1529704603902{padding-top: 100px !important;padding-bottom: 100px !important;}&#8221;][vc_column width=&#8221;2\/3&#8243; css=&#8221;.vc_custom_1529705169251{padding-right: 50px !important;padding-left: 50px !important;}&#8221;][\/vc_column][vc_column&hellip;<\/p>\n","protected":false},"author":1,"featured_media":0,"parent":0,"menu_order":0,"comment_status":"closed","ping_status":"closed","template":"","meta":{"footnotes":""},"_links":{"self":[{"href":"https:\/\/www.foneps.com.co\/home\/wp-json\/wp\/v2\/pages\/292"}],"collection":[{"href":"https:\/\/www.foneps.com.co\/home\/wp-json\/wp\/v2\/pages"}],"about":[{"href":"https:\/\/www.foneps.com.co\/home\/wp-json\/wp\/v2\/types\/page"}],"author":[{"embeddable":true,"href":"https:\/\/www.foneps.com.co\/home\/wp-json\/wp\/v2\/users\/1"}],"replies":[{"embeddable":true,"href":"https:\/\/www.foneps.com.co\/home\/wp-json\/wp\/v2\/comments?post=292"}],"version-history":[{"count":126,"href":"https:\/\/www.foneps.com.co\/home\/wp-json\/wp\/v2\/pages\/292\/revisions"}],"predecessor-version":[{"id":2737,"href":"https:\/\/www.foneps.com.co\/home\/wp-json\/wp\/v2\/pages\/292\/revisions\/2737"}],"wp:attachment":[{"href":"https:\/\/www.foneps.com.co\/home\/wp-json\/wp\/v2\/media?parent=292"}],"curies":[{"name":"wp","href":"https:\/\/api.w.org\/{rel}","templated":true}]}}